{"id":33,"date":"2024-07-10T11:57:37","date_gmt":"2024-07-10T09:57:37","guid":{"rendered":"https:\/\/www.christian-casari.com\/happyday\/?page_id=33"},"modified":"2024-07-17T14:24:32","modified_gmt":"2024-07-17T12:24:32","slug":"enterrement-vie-jeune-fille-garcon","status":"publish","type":"page","link":"https:\/\/www.christian-casari.com\/happyday\/enterrement-vie-jeune-fille-garcon\/","title":{"rendered":"Enterrement de vie de fille et de gar\u00e7on : c\u00e9l\u00e9brez vos derniers Jours de c\u00e9libat avec HappyDay"},"content":{"rendered":"\n<div class=\"wp-block-uagb-container uagb-block-3a6f9057 alignfull uagb-is-root-container\"><div class=\"uagb-container-inner-blocks-wrap\">\n<h2 class=\"wp-block-heading has-text-align-center has-ast-global-color-5-color has-text-color has-link-color wp-elements-42d5133fd64d74321e38d98848428be3\"><a href=\"https:\/\/www.christian-casari.com\/happyday\/category\/enterrement-vie-jeune-fille-garcon\/\" data-type=\"link\" data-id=\"https:\/\/www.christian-casari.com\/happyday\/category\/enterrement-vie-jeune-fille-garcon\/\">BLOG Enterrement de Vie de Fille et Gra\u00e7on<\/a><\/h2>\n<\/div><\/div>\n","protected":false},"excerpt":{"rendered":"<p>BLOG Enterrement de Vie de Fille et Gra\u00e7on<\/p>\n","protected":false},"author":1,"featured_media":0,"parent":0,"menu_order":0,"comment_status":"closed","ping_status":"closed","template":"","meta":{"_uag_custom_page_level_css":"","site-sidebar-layout":"default","site-content-layout":"","ast-site-content-layout":"","site-content-style":"default","site-sidebar-style":"default","ast-global-header-display":"","ast-banner-title-visibility":"","ast-main-header-display":"","ast-hfb-above-header-display":"","ast-hfb-below-header-display":"","ast-hfb-mobile-header-display":"","site-post-title":"","ast-breadcrumbs-content":"","ast-featured-img":"","footer-sml-layout":"","theme-transparent-header-meta":"","adv-header-id-meta":"","stick-header-meta":"","header-above-stick-meta":"","header-main-stick-meta":"","header-below-stick-meta":"","astra-migrate-meta-layouts":"default","ast-page-background-enabled":"default","ast-page-background-meta":{"desktop":{"background-color":"var(--ast-global-color-4)","background-image":"","background-repeat":"repeat","background-position":"center center","background-size":"auto","background-attachment":"scroll","background-type":"","background-media":"","overlay-type":"","overlay-color":"","overlay-opacity":"","overlay-gradient":""},"tablet":{"background-color":"","background-image":"","background-repeat":"repeat","background-position":"center center","background-size":"auto","background-attachment":"scroll","background-type":"","background-media":"","overlay-type":"","overlay-color":"","overlay-opacity":"","overlay-gradient":""},"mobile":{"background-color":"","background-image":"","background-repeat":"repeat","background-position":"center center","background-size":"auto","background-attachment":"scroll","background-type":"","background-media":"","overlay-type":"","overlay-color":"","overlay-opacity":"","overlay-gradient":""}},"ast-content-background-meta":{"desktop":{"background-color":"var(--ast-global-color-5)","background-image":"","background-repeat":"repeat","background-position":"center center","background-size":"auto","background-attachment":"scroll","background-type":"","background-media":"","overlay-type":"","overlay-color":"","overlay-opacity":"","overlay-gradient":""},"tablet":{"background-color":"var(--ast-global-color-5)","background-image":"","background-repeat":"repeat","background-position":"center center","background-size":"auto","background-attachment":"scroll","background-type":"","background-media":"","overlay-type":"","overlay-color":"","overlay-opacity":"","overlay-gradient":""},"mobile":{"background-color":"var(--ast-global-color-5)","background-image":"","background-repeat":"repeat","background-position":"center center","background-size":"auto","background-attachment":"scroll","background-type":"","background-media":"","overlay-type":"","overlay-color":"","overlay-opacity":"","overlay-gradient":""}},"footnotes":""},"class_list":["post-33","page","type-page","status-publish","hentry"],"uagb_featured_image_src":{"full":false,"thumbnail":false,"medium":false,"medium_large":false,"large":false,"1536x1536":false,"2048x2048":false},"uagb_author_info":{"display_name":"christianWordpress02","author_link":"https:\/\/www.christian-casari.com\/happyday\/author\/christianwordpress02\/"},"uagb_comment_info":0,"uagb_excerpt":"BLOG Enterrement de Vie de Fille et Gra\u00e7on","_links":{"self":[{"href":"https:\/\/www.christian-casari.com\/happyday\/wp-json\/wp\/v2\/pages\/33","targetHints":{"allow":["GET"]}}],"collection":[{"href":"https:\/\/www.christian-casari.com\/happyday\/wp-json\/wp\/v2\/pages"}],"about":[{"href":"https:\/\/www.christian-casari.com\/happyday\/wp-json\/wp\/v2\/types\/page"}],"author":[{"embeddable":true,"href":"https:\/\/www.christian-casari.com\/happyday\/wp-json\/wp\/v2\/users\/1"}],"replies":[{"embeddable":true,"href":"https:\/\/www.christian-casari.com\/happyday\/wp-json\/wp\/v2\/comments?post=33"}],"version-history":[{"count":3,"href":"https:\/\/www.christian-casari.com\/happyday\/wp-json\/wp\/v2\/pages\/33\/revisions"}],"predecessor-version":[{"id":128,"href":"https:\/\/www.christian-casari.com\/happyday\/wp-json\/wp\/v2\/pages\/33\/revisions\/128"}],"wp:attachment":[{"href":"https:\/\/www.christian-casari.com\/happyday\/wp-json\/wp\/v2\/media?parent=33"}],"curies":[{"name":"wp","href":"https:\/\/api.w.org\/{rel}","templated":true}]}}